{"id":920,"date":"2023-02-09T08:03:57","date_gmt":"2023-02-09T08:03:57","guid":{"rendered":"https:\/\/eurasian-bc.org\/?page_id=920"},"modified":"2023-02-09T08:19:21","modified_gmt":"2023-02-09T08:19:21","slug":"thank-you","status":"publish","type":"page","link":"https:\/\/eurasian-bc.org\/ro\/thank-you\/","title":{"rendered":"THANK YOU"},"content":{"rendered":"<div data-elementor-type=\"wp-page\" data-elementor-id=\"920\" class=\"elementor elementor-920\">\n\t\t\t\t\t\t\t<div class=\"elementor-element elementor-element-a7c18ff e-con-full e-con\" data-id=\"a7c18ff\" data-element_type=\"container\" data-settings=\"{&quot;content_width&quot;:&quot;full&quot;,&quot;jet_parallax_layout_list&quot;:[]}\">\n\t\t<div class=\"elementor-element elementor-element-62ffe5b e-con-full elementor-hidden-tablet elementor-hidden-mobile e-con\" data-id=\"62ffe5b\" data-element_type=\"container\" data-settings=\"{&quot;content_width&quot;:&quot;full&quot;,&quot;background_background&quot;:&quot;classic&quot;,&quot;jet_parallax_layout_list&quot;:[]}\">\n\t\t\t\t<\/div>\n\t\t<div class=\"elementor-element elementor-element-a74bf6c e-con-full e-con\" data-id=\"a74bf6c\" data-element_type=\"container\" data-settings=\"{&quot;content_width&quot;:&quot;full&quot;,&quot;jet_parallax_layout_list&quot;:[]}\">\n\t\t\t\t<div class=\"elementor-element elementor-element-ef9c3aa elementor-widget elementor-widget-heading\" data-id=\"ef9c3aa\" data-element_type=\"widget\" data-widget_type=\"heading.default\">\n\t\t\t\t<div class=\"elementor-widget-container\">\n\t\t\t<style>\/*! elementor - v3.10.2 - 29-01-2023 *\/\n.elementor-heading-title{padding:0;margin:0;line-height:1}.elementor-widget-heading .elementor-heading-title[class*=elementor-size-]>a{color:inherit;font-size:inherit;line-height:inherit}.elementor-widget-heading .elementor-heading-title.elementor-size-small{font-size:15px}.elementor-widget-heading .elementor-heading-title.elementor-size-medium{font-size:19px}.elementor-widget-heading .elementor-heading-title.elementor-size-large{font-size:29px}.elementor-widget-heading .elementor-heading-title.elementor-size-xl{font-size:39px}.elementor-widget-heading .elementor-heading-title.elementor-size-xxl{font-size:59px}<\/style><h2 class=\"elementor-heading-title elementor-size-default\">V\u0103 mul\u021bumim c\u0103 v-a\u021bi \u00eenscris la viitoarea conferin\u021b\u0103!<\/h2>\t\t<\/div>\n\t\t\t\t<\/div>\n\t\t\t\t<div class=\"elementor-element elementor-element-fc5e62e elementor-widget elementor-widget-text-editor\" data-id=\"fc5e62e\" data-element_type=\"widget\" data-widget_type=\"text-editor.default\">\n\t\t\t\t<div class=\"elementor-widget-container\">\n\t\t\t<style>\/*! elementor - v3.10.2 - 29-01-2023 *\/\n.elementor-widget-text-editor.elementor-drop-cap-view-stacked .elementor-drop-cap{background-color:#818a91;color:#fff}.elementor-widget-text-editor.elementor-drop-cap-view-framed .elementor-drop-cap{color:#818a91;border:3px solid;background-color:transparent}.elementor-widget-text-editor:not(.elementor-drop-cap-view-default) .elementor-drop-cap{margin-top:8px}.elementor-widget-text-editor:not(.elementor-drop-cap-view-default) .elementor-drop-cap-letter{width:1em;height:1em}.elementor-widget-text-editor .elementor-drop-cap{float:left;text-align:center;line-height:1;font-size:50px}.elementor-widget-text-editor .elementor-drop-cap-letter{display:inline-block}<\/style>\t\t\t\t<p>Dorim s\u0103 v\u0103 mul\u021bumim din suflet pentru c\u0103 v-a\u021bi \u00eenscris la viitoarea noastr\u0103 conferin\u021b\u0103! Suntem \u00eenc\u00e2nta\u021bi s\u0103 v\u0103 avem ca parte a acestui eveniment informativ \u0219i educa\u021bional. \u00cen\u021belegem c\u0103 timpul dvs. este valoros \u0219i suntem onora\u021bi c\u0103 a\u021bi ales s\u0103 vi-l petrece\u021bi al\u0103turi de noi. Echipa noastr\u0103 lucreaz\u0103 din greu pentru a se asigura c\u0103 aceast\u0103 conferin\u021b\u0103 va fi o experien\u021b\u0103 captivant\u0103 pentru to\u021bi cei implica\u021bi.<\/p>\t\t\t\t\t\t<\/div>\n\t\t\t\t<\/div>\n\t\t\t\t<div class=\"elementor-element elementor-element-c60a1ee elementor-widget elementor-widget-image\" data-id=\"c60a1ee\" data-element_type=\"widget\" data-widget_type=\"image.default\">\n\t\t\t\t<div class=\"elementor-widget-container\">\n\t\t\t<style>\/*! elementor - v3.10.2 - 29-01-2023 *\/\n.elementor-widget-image{text-align:center}.elementor-widget-image a{display:inline-block}.elementor-widget-image a img[src$=\".svg\"]{width:48px}.elementor-widget-image img{vertical-align:middle;display:inline-block}<\/style>\t\t\t\t\t\t\t\t\t\t\t\t<img decoding=\"async\" width=\"1024\" height=\"239\" src=\"https:\/\/eurasian-bc.org\/wp-content\/uploads\/2023\/02\/EBS_LOGO_333-1024x239.png\" class=\"attachment-large size-large wp-image-922\" alt=\"\" loading=\"lazy\" srcset=\"https:\/\/eurasian-bc.org\/wp-content\/uploads\/2023\/02\/EBS_LOGO_333-1024x239.png 1024w, https:\/\/eurasian-bc.org\/wp-content\/uploads\/2023\/02\/EBS_LOGO_333-300x70.png 300w, https:\/\/eurasian-bc.org\/wp-content\/uploads\/2023\/02\/EBS_LOGO_333-768x179.png 768w, https:\/\/eurasian-bc.org\/wp-content\/uploads\/2023\/02\/EBS_LOGO_333-1536x358.png 1536w, https:\/\/eurasian-bc.org\/wp-content\/uploads\/2023\/02\/EBS_LOGO_333-2048x478.png 2048w, https:\/\/eurasian-bc.org\/wp-content\/uploads\/2023\/02\/EBS_LOGO_333-18x4.png 18w\" sizes=\"(max-width: 1024px) 100vw, 1024px\" \/>\t\t\t\t\t\t\t\t\t\t\t\t\t\t\t<\/div>\n\t\t\t\t<\/div>\n\t\t\t\t<div class=\"elementor-element elementor-element-b2df1a8 elementor-widget elementor-widget-text-editor\" data-id=\"b2df1a8\" data-element_type=\"widget\" data-widget_type=\"text-editor.default\">\n\t\t\t\t<div class=\"elementor-widget-container\">\n\t\t\t\t\t\t\t<p>\u00cenc\u0103 o dat\u0103, v\u0103 mul\u021bumim c\u0103 v-a\u021bi \u00eenscris \u0219i v\u0103 a\u0219tept\u0103m cu drag s\u0103 ne vedem \u00een cur\u00e2nd. Dac\u0103 ave\u021bi \u00eentreb\u0103ri sau nel\u0103muriri, v\u0103 rug\u0103m s\u0103 nu ezita\u021bi s\u0103 ne contacta\u021bi.\u00a0<\/p>\t\t\t\t\t\t<\/div>\n\t\t\t\t<\/div>\n\t\t\t\t<div class=\"elementor-element elementor-element-bc3df85 elementor-align-center elementor-widget elementor-widget-button\" data-id=\"bc3df85\" data-element_type=\"widget\" data-widget_type=\"button.default\">\n\t\t\t\t<div class=\"elementor-widget-container\">\n\t\t\t\t\t<div class=\"elementor-button-wrapper\">\n\t\t\t<a href=\"https:\/\/eurasian-bc.org\/\" class=\"elementor-button-link elementor-button elementor-size-sm\" role=\"button\">\n\t\t\t\t\t\t<span class=\"elementor-button-content-wrapper\">\n\t\t\t\t\t\t<span class=\"elementor-button-text\">\u00ceNAPOI<\/span>\n\t\t<\/span>\n\t\t\t\t\t<\/a>\n\t\t<\/div>\n\t\t\t\t<\/div>\n\t\t\t\t<\/div>\n\t\t\t\t<\/div>\n\t\t\t\t<\/div>\n\t\t\t\t\t\t\t<\/div>","protected":false},"excerpt":{"rendered":"<p>Thank You for Registering for Upcoming Conference We would like to extend our warmest thanks for registering for our upcoming conference! We are excited to have you as a part of this informative and educational event. We understand that your time is valuable, and we are honored that you have chosen to spend it with &hellip;<\/p>\n<p class=\"read-more\"> <a class=\"\" href=\"https:\/\/eurasian-bc.org\/ro\/thank-you\/\"> <span class=\"screen-reader-text\">THANK YOU<\/span> Read More &raquo;<\/a><\/p>","protected":false},"author":1,"featured_media":0,"parent":0,"menu_order":0,"comment_status":"closed","ping_status":"closed","template":"elementor_canvas","meta":{"site-sidebar-layout":"no-sidebar","site-content-layout":"page-builder","ast-global-header-display":"","ast-main-header-display":"","ast-hfb-above-header-display":"","ast-hfb-below-header-display":"","ast-hfb-mobile-header-display":"","site-post-title":"disabled","ast-breadcrumbs-content":"","ast-featured-img":"disabled","footer-sml-layout":"","theme-transparent-header-meta":"","adv-header-id-meta":"","stick-header-meta":"","header-above-stick-meta":"","header-main-stick-meta":"","header-below-stick-meta":""},"_links":{"self":[{"href":"https:\/\/eurasian-bc.org\/ro\/wp-json\/wp\/v2\/pages\/920"}],"collection":[{"href":"https:\/\/eurasian-bc.org\/ro\/wp-json\/wp\/v2\/pages"}],"about":[{"href":"https:\/\/eurasian-bc.org\/ro\/wp-json\/wp\/v2\/types\/page"}],"author":[{"embeddable":true,"href":"https:\/\/eurasian-bc.org\/ro\/wp-json\/wp\/v2\/users\/1"}],"replies":[{"embeddable":true,"href":"https:\/\/eurasian-bc.org\/ro\/wp-json\/wp\/v2\/comments?post=920"}],"version-history":[{"count":22,"href":"https:\/\/eurasian-bc.org\/ro\/wp-json\/wp\/v2\/pages\/920\/revisions"}],"predecessor-version":[{"id":947,"href":"https:\/\/eurasian-bc.org\/ro\/wp-json\/wp\/v2\/pages\/920\/revisions\/947"}],"wp:attachment":[{"href":"https:\/\/eurasian-bc.org\/ro\/wp-json\/wp\/v2\/media?parent=920"}],"curies":[{"name":"wp","href":"https:\/\/api.w.org\/{rel}","templated":true}]}}